{"id":950,"date":"2016-02-05T06:11:55","date_gmt":"2016-02-05T06:11:55","guid":{"rendered":"http:\/\/themes.zozothemes.com\/metal\/?page_id=950"},"modified":"2016-02-05T06:11:55","modified_gmt":"2016-02-05T06:11:55","slug":"fullwidth-3-column","status":"publish","type":"page","link":"https:\/\/jipp-metallbau.de\/index.php\/fullwidth-3-column\/","title":{"rendered":"Fullwidth 3 Column"},"content":{"rendered":"<p>[vc_row full_width=&#8220;stretch_row_content_no_spaces&#8220;][vc_column]<div class=\"zozo-portfolio-grid-wrapper wpb_animate_when_almost_visible wpb_top-to-bottom default\"><div id=\"zozo_portfolio_1\" class=\"zozo-portfolio default-grid-style portfolio-cols-3\" data-columns=\"3\" data-gutter=\"\"><div class=\"portfolio-inner\"><div id=\"portfolio-2195\" class=\"portfolio-item  zozo-img-wrapper style-default\"><div class=\"portfolio-content\"><div class=\"portfolio-image\"><img loading=\"lazy\" decoding=\"async\" class=\"img-responsive\" src=\"https:\/\/jipp-metallbau.de\/metal\/wp-content\/uploads\/2022\/10\/Ehrenurkunde-Hwk-n-560x385.jpg\" width=\"560\" height=\"385\" alt=\"Ehrung der Handwerkskammer\" \/><\/div><div class=\"portfolio-overlay\"><div class=\"portfolio-mask overlay-mask position-center\"><div class=\"portfolio-title\"><h4>Ehrung der Handwerkskammer<\/h4><p>...<\/p><\/div><ul class=\"overlay-buttons fade-down\"><li><a href=\"https:\/\/jipp-metallbau.de\/metal\/wp-content\/uploads\/2022\/10\/Ehrenurkunde-Hwk-n.jpg\" class=\"pf-icon-zoom\" data-rel=\"prettyPhoto[gallery1]\" title=\"Ehrung der Handwerkskammer\"><i class=\"fa fa-search\"><\/i><\/a><\/li><li><a href=\"https:\/\/jipp-metallbau.de\/index.php\/portfolio\/ehrung-der-handwerkskammer\/\" class=\"pf-icon-link\" title=\"Ehrung der Handwerkskammer\"><i class=\"fa fa-link\"><\/i><\/a><\/li><\/ul><\/div><\/div><\/div><\/div><div id=\"portfolio-1572\" class=\"portfolio-item  zozo-img-wrapper style-default\"><div class=\"portfolio-content\"><div class=\"portfolio-image\"><img loading=\"lazy\" decoding=\"async\" class=\"img-responsive\" src=\"https:\/\/jipp-metallbau.de\/metal\/wp-content\/uploads\/2020\/04\/IMG_1556-560x385.jpg\" width=\"560\" height=\"385\" alt=\"Desinfektionswagen &#8211; Unser DESSI\" \/><\/div><div class=\"portfolio-overlay\"><div class=\"portfolio-mask overlay-mask position-center\"><div class=\"portfolio-title\"><h4>Desinfektionswagen &#8211; Unser DESSI<\/h4><p>Wagen f\u00fcr die Fl\u00e4chendesinfektion...<\/p><\/div><ul class=\"overlay-buttons fade-down\"><li><a href=\"https:\/\/jipp-metallbau.de\/metal\/wp-content\/uploads\/2020\/04\/IMG_1556.jpg\" class=\"pf-icon-zoom\" data-rel=\"prettyPhoto[gallery1]\" title=\"Desinfektionswagen &#8211; Unser DESSI\"><i class=\"fa fa-search\"><\/i><\/a><\/li><li><a href=\"https:\/\/jipp-metallbau.de\/index.php\/portfolio\/desinfektionswagen-unser-dessi\/\" class=\"pf-icon-link\" title=\"Desinfektionswagen &#8211; Unser DESSI\"><i class=\"fa fa-link\"><\/i><\/a><\/li><\/ul><\/div><\/div><\/div><\/div><div id=\"portfolio-2043\" class=\"portfolio-item  zozo-img-wrapper style-default\"><div class=\"portfolio-content\"><div class=\"portfolio-image\"><img loading=\"lazy\" decoding=\"async\" class=\"img-responsive\" src=\"https:\/\/jipp-metallbau.de\/metal\/wp-content\/uploads\/2017\/06\/Dumper-560x385.jpg\" width=\"560\" height=\"385\" alt=\"Dumper\" \/><\/div><div class=\"portfolio-overlay\"><div class=\"portfolio-mask overlay-mask position-center\"><div class=\"portfolio-title\"><h4>Dumper<\/h4><p>Gussasphaltdumper mit Dieselmotor und Hydraulischen Antrieb....<\/p><\/div><ul class=\"overlay-buttons fade-down\"><li><a href=\"https:\/\/jipp-metallbau.de\/metal\/wp-content\/uploads\/2017\/06\/Dumper.jpg\" class=\"pf-icon-zoom\" data-rel=\"prettyPhoto[gallery1]\" title=\"Dumper\"><i class=\"fa fa-search\"><\/i><\/a><\/li><li><a href=\"https:\/\/jipp-metallbau.de\/index.php\/portfolio\/dumper\/\" class=\"pf-icon-link\" title=\"Dumper\"><i class=\"fa fa-link\"><\/i><\/a><\/li><\/ul><\/div><\/div><\/div><\/div><div id=\"portfolio-2084\" class=\"portfolio-item  zozo-img-wrapper style-default\"><div class=\"portfolio-content\"><div class=\"portfolio-image\"><img loading=\"lazy\" decoding=\"async\" class=\"img-responsive\" src=\"https:\/\/jipp-metallbau.de\/metal\/wp-content\/uploads\/2018\/11\/F\u00f6rderung-Erweiterungsbau-560x385.jpg\" width=\"560\" height=\"385\" alt=\"F\u00f6rderung Erweiterungsbau\" \/><\/div><div class=\"portfolio-overlay\"><div class=\"portfolio-mask overlay-mask position-center\"><div class=\"portfolio-title\"><h4>F\u00f6rderung Erweiterungsbau<\/h4><p>Plakat...<\/p><\/div><ul class=\"overlay-buttons fade-down\"><li><a href=\"https:\/\/jipp-metallbau.de\/metal\/wp-content\/uploads\/2018\/11\/F\u00f6rderung-Erweiterungsbau.jpg\" class=\"pf-icon-zoom\" data-rel=\"prettyPhoto[gallery1]\" title=\"F\u00f6rderung Erweiterungsbau\"><i class=\"fa fa-search\"><\/i><\/a><\/li><li><a href=\"https:\/\/jipp-metallbau.de\/index.php\/portfolio\/foerderung-erweiterungsbau\/\" class=\"pf-icon-link\" title=\"F\u00f6rderung Erweiterungsbau\"><i class=\"fa fa-link\"><\/i><\/a><\/li><\/ul><\/div><\/div><\/div><\/div><div id=\"portfolio-2052\" class=\"portfolio-item  zozo-img-wrapper style-default\"><div class=\"portfolio-content\"><div class=\"portfolio-image\"><img loading=\"lazy\" decoding=\"async\" class=\"img-responsive\" src=\"https:\/\/jipp-metallbau.de\/metal\/wp-content\/uploads\/2017\/11\/foerder3-537x385.png\" width=\"537\" height=\"385\" alt=\"F\u00f6rderbescheid f\u00fcr Erweiterungsbau\" \/><\/div><div class=\"portfolio-overlay\"><div class=\"portfolio-mask overlay-mask position-center\"><div class=\"portfolio-title\"><h4>F\u00f6rderbescheid f\u00fcr Erweiterungsbau<\/h4><p>Bericht im Monatsblatt \u00fcber die \u00dcbergabe des F\u00f6rderbescheid durch den Nieders\u00e4chsischen Wirtschaftsminister Olaf Lies....<\/p><\/div><ul class=\"overlay-buttons fade-down\"><li><a href=\"https:\/\/jipp-metallbau.de\/metal\/wp-content\/uploads\/2017\/11\/foerder3.png\" class=\"pf-icon-zoom\" data-rel=\"prettyPhoto[gallery1]\" title=\"F\u00f6rderbescheid f\u00fcr Erweiterungsbau\"><i class=\"fa fa-search\"><\/i><\/a><\/li><li><a href=\"https:\/\/jipp-metallbau.de\/index.php\/portfolio\/foerderbescheid-fuer-erweiterungsbau\/\" class=\"pf-icon-link\" title=\"F\u00f6rderbescheid f\u00fcr Erweiterungsbau\"><i class=\"fa fa-link\"><\/i><\/a><\/li><\/ul><\/div><\/div><\/div><\/div><div id=\"portfolio-2021\" class=\"portfolio-item  zozo-img-wrapper style-default\"><div class=\"portfolio-content\"><div class=\"portfolio-image\"><img loading=\"lazy\" decoding=\"async\" class=\"img-responsive\" src=\"https:\/\/jipp-metallbau.de\/metal\/wp-content\/uploads\/2017\/06\/Jugend-schweisst-FK-2-560x385.jpg\" width=\"560\" height=\"385\" alt=\"Jugend schweisst 2023\" \/><\/div><div class=\"portfolio-overlay\"><div class=\"portfolio-mask overlay-mask position-center\"><div class=\"portfolio-title\"><h4>Jugend schweisst 2023<\/h4><p>Beim Wettbewerb &quot;Jugend schwei\u00dft&quot; des DVS e.V. haben zwei Mitarbeiter in 2023 mit Erfolg teilgenommen....<\/p><\/div><ul class=\"overlay-buttons fade-down\"><li><a href=\"https:\/\/jipp-metallbau.de\/metal\/wp-content\/uploads\/2017\/06\/Jugend-schweisst-FK-2-scaled.jpg\" class=\"pf-icon-zoom\" data-rel=\"prettyPhoto[gallery1]\" title=\"Jugend schweisst 2023\"><i class=\"fa fa-search\"><\/i><\/a><\/li><li><a href=\"https:\/\/jipp-metallbau.de\/index.php\/portfolio\/jugend-schweisst-2017\/\" class=\"pf-icon-link\" title=\"Jugend schweisst 2023\"><i class=\"fa fa-link\"><\/i><\/a><\/li><\/ul><\/div><\/div><\/div><\/div><div id=\"portfolio-1571\" class=\"portfolio-item  zozo-img-wrapper style-default\"><div class=\"portfolio-content\"><div class=\"portfolio-image\"><img loading=\"lazy\" decoding=\"async\" class=\"img-responsive\" src=\"https:\/\/jipp-metallbau.de\/metal\/wp-content\/uploads\/2016\/02\/Betonstahlschweissen1-560x385.jpg\" width=\"560\" height=\"385\" alt=\"Betonstahlschwei\u00dfen\" \/><\/div><div class=\"portfolio-overlay\"><div class=\"portfolio-mask overlay-mask position-center\"><div class=\"portfolio-title\"><h4>Betonstahlschwei\u00dfen<\/h4><p>Wir sind zertifiziert nach DIN EN 176660...<\/p><\/div><ul class=\"overlay-buttons fade-down\"><li><a href=\"https:\/\/jipp-metallbau.de\/metal\/wp-content\/uploads\/2016\/02\/Betonstahlschweissen1-e1496394196767.jpg\" class=\"pf-icon-zoom\" data-rel=\"prettyPhoto[gallery1]\" title=\"Betonstahlschwei\u00dfen\"><i class=\"fa fa-search\"><\/i><\/a><\/li><li><a href=\"https:\/\/jipp-metallbau.de\/index.php\/portfolio\/betonstahl\/\" class=\"pf-icon-link\" title=\"Betonstahlschwei\u00dfen\"><i class=\"fa fa-link\"><\/i><\/a><\/li><\/ul><\/div><\/div><\/div><\/div><div id=\"portfolio-1569\" class=\"portfolio-item  zozo-img-wrapper style-default\"><div class=\"portfolio-content\"><div class=\"portfolio-image\"><img loading=\"lazy\" decoding=\"async\" class=\"img-responsive\" src=\"https:\/\/jipp-metallbau.de\/metal\/wp-content\/uploads\/2017\/06\/P4074585-560x385.jpg\" width=\"560\" height=\"385\" alt=\"Anh\u00e4nger\" \/><\/div><div class=\"portfolio-overlay\"><div class=\"portfolio-mask overlay-mask position-center\"><div class=\"portfolio-title\"><h4>Anh\u00e4nger<\/h4><p>Anh\u00e4nger f\u00fcr Gussalphalt....<\/p><\/div><ul class=\"overlay-buttons fade-down\"><li><a href=\"https:\/\/jipp-metallbau.de\/metal\/wp-content\/uploads\/2017\/06\/P4074585-e1496722989943.jpg\" class=\"pf-icon-zoom\" data-rel=\"prettyPhoto[gallery1]\" title=\"Anh\u00e4nger\"><i class=\"fa fa-search\"><\/i><\/a><\/li><li><a href=\"https:\/\/jipp-metallbau.de\/index.php\/portfolio\/gussalphalt\/\" class=\"pf-icon-link\" title=\"Anh\u00e4nger\"><i class=\"fa fa-link\"><\/i><\/a><\/li><\/ul><\/div><\/div><\/div><\/div><div id=\"portfolio-1568\" class=\"portfolio-item  zozo-img-wrapper style-default\"><div class=\"portfolio-content\"><div class=\"portfolio-image\"><img loading=\"lazy\" decoding=\"async\" class=\"img-responsive\" src=\"https:\/\/jipp-metallbau.de\/metal\/wp-content\/uploads\/2016\/02\/31-Regenwasserlauf-2-560x385.jpg\" width=\"560\" height=\"385\" alt=\"Regenwasserlauf\" \/><\/div><div class=\"portfolio-overlay\"><div class=\"portfolio-mask overlay-mask position-center\"><div class=\"portfolio-title\"><h4>Regenwasserlauf<\/h4><p>Schwei\u00dfarbeiten im Wasserbau....<\/p><\/div><ul class=\"overlay-buttons fade-down\"><li><a href=\"https:\/\/jipp-metallbau.de\/metal\/wp-content\/uploads\/2016\/02\/31-Regenwasserlauf-2.jpg\" class=\"pf-icon-zoom\" data-rel=\"prettyPhoto[gallery1]\" title=\"Regenwasserlauf\"><i class=\"fa fa-search\"><\/i><\/a><\/li><li><a href=\"https:\/\/jipp-metallbau.de\/index.php\/portfolio\/regenwasserlauf\/\" class=\"pf-icon-link\" title=\"Regenwasserlauf\"><i class=\"fa fa-link\"><\/i><\/a><\/li><\/ul><\/div><\/div><\/div><\/div><\/div><\/div><\/div>[\/vc_column][\/vc_row]<\/p>\n","protected":false},"excerpt":{"rendered":"<p>[vc_row full_width=&#8220;stretch_row_content_no_spaces&#8220;][vc_column][\/vc_column][\/vc_row]<\/p>\n","protected":false},"author":1,"featured_media":0,"parent":0,"menu_order":0,"comment_status":"closed","ping_status":"closed","template":"template-fullwidth.php","meta":{"footnotes":""},"class_list":["post-950","page","type-page","status-publish","hentry"],"_links":{"self":[{"href":"https:\/\/jipp-metallbau.de\/index.php\/wp-json\/wp\/v2\/pages\/950","targetHints":{"allow":["GET"]}}],"collection":[{"href":"https:\/\/jipp-metallbau.de\/index.php\/wp-json\/wp\/v2\/pages"}],"about":[{"href":"https:\/\/jipp-metallbau.de\/index.php\/wp-json\/wp\/v2\/types\/page"}],"author":[{"embeddable":true,"href":"https:\/\/jipp-metallbau.de\/index.php\/wp-json\/wp\/v2\/users\/1"}],"replies":[{"embeddable":true,"href":"https:\/\/jipp-metallbau.de\/index.php\/wp-json\/wp\/v2\/comments?post=950"}],"version-history":[{"count":0,"href":"https:\/\/jipp-metallbau.de\/index.php\/wp-json\/wp\/v2\/pages\/950\/revisions"}],"wp:attachment":[{"href":"https:\/\/jipp-metallbau.de\/index.php\/wp-json\/wp\/v2\/media?parent=950"}],"curies":[{"name":"wp","href":"https:\/\/api.w.org\/{rel}","templated":true}]}}